{"id":4,"date":"2017-07-30T01:03:19","date_gmt":"2017-07-30T01:03:19","guid":{"rendered":"https:\/\/grupoestrutural.com.br\/basalto\/?page_id=4"},"modified":"2024-08-08T19:23:17","modified_gmt":"2024-08-08T19:23:17","slug":"pedreiras-basalto","status":"publish","type":"page","link":"https:\/\/grupoestrutural.com.br\/basalto\/","title":{"rendered":"Sobre"},"content":{"rendered":"<p class=\"p1\">Batizada com o nome da rocha natural de Leme-SP, onde foi Fundada sua primeira unidade em 1982, as Pedreiras Basalto s\u00e3o um sin\u00f4nimo de avan\u00e7o na minera\u00e7\u00e3o brasileira. Transformando britas em pavimenta\u00e7\u00e3o de concreto, a Basalto atua perto dos maiores centros urbanos e estradas do pa\u00eds.<\/p>\n<p class=\"p1\">Com produtos rigorosamente testados em laborat\u00f3rio, a Basalto tem constantemente assegurado seu compromisso com a preserva\u00e7\u00e3o do meio ambiente, a qualidade dos seus produtos e satisfa\u00e7\u00e3o dos seus consumidores.<\/p>\n<p>A isso se somam os seus constantes investimentos em infraestruturas e em suas instala\u00e7\u00f5es, como equipamentos de ponta e sua pr\u00f3pria frota de transporte, fatores que comprovam a efici\u00eancia da Basalto como uma das principais pedreiras de S\u00e3o Paulo e do Brasil.<\/p>\n","protected":false},"excerpt":{"rendered":"<p>Batizada com o nome da rocha natural de Leme-SP, onde foi Fundada sua primeira unidade em 1982, as Pedreiras Basalto s\u00e3o um sin\u00f4nimo de avan\u00e7o na minera\u00e7\u00e3o brasileira. Transformando britas em pavimenta\u00e7\u00e3o de concreto, a Basalto atua perto dos maiores centros urbanos e estradas do pa\u00eds. Com produtos rigorosamente testados em laborat\u00f3rio, a Basalto tem [&hellip;]<\/p>\n","protected":false},"author":1,"featured_media":0,"parent":0,"menu_order":0,"comment_status":"closed","ping_status":"closed","template":"template-parts\/template-landing.php","meta":[],"yoast_head":"<!-- This site is optimized with the Yoast SEO plugin v20.6 - https:\/\/yoast.com\/wordpress\/plugins\/seo\/ -->\n<title>Conhe\u00e7a a pedreira Basalto \u2013 Grupo Estrutural<\/title>\n<meta name=\"description\" content=\"Especialista em minera\u00e7\u00e3o de britas e pavimenta\u00e7\u00e3o, a Basalto \u00e9 parte do Grupo Estrutural, destacando-se entre as pedreiras de S\u00e3o Paulo e do Brasil.\" \/>\n<meta name=\"robots\" content=\"index, follow, max-snippet:-1, max-image-preview:large, max-video-preview:-1\" \/>\n<link rel=\"canonical\" href=\"https:\/\/grupoestrutural.com.br\/basalto\/\" \/>\n<meta property=\"og:locale\" content=\"pt_BR\" \/>\n<meta property=\"og:type\" content=\"article\" \/>\n<meta property=\"og:title\" content=\"Conhe\u00e7a a pedreira Basalto \u2013 Grupo Estrutural\" \/>\n<meta property=\"og:description\" content=\"Especialista em minera\u00e7\u00e3o de britas e pavimenta\u00e7\u00e3o, a Basalto \u00e9 parte do Grupo Estrutural, destacando-se entre as pedreiras de S\u00e3o Paulo e do Brasil.\" \/>\n<meta property=\"og:url\" content=\"https:\/\/grupoestrutural.com.br\/basalto\/\" \/>\n<meta property=\"og:site_name\" content=\"Pedreiras Basalto\" \/>\n<meta property=\"article:modified_time\" content=\"2024-08-08T19:23:17+00:00\" \/>\n<meta name=\"twitter:card\" content=\"summary_large_image\" \/>\n<meta name=\"twitter:label1\" content=\"Est. tempo de leitura\" \/>\n\t<meta name=\"twitter:data1\" content=\"1 minuto\" \/>\n<script type=\"application\/ld+json\" class=\"yoast-schema-graph\">{\"@context\":\"https:\/\/schema.org\",\"@graph\":[{\"@type\":\"WebPage\",\"@id\":\"https:\/\/grupoestrutural.com.br\/basalto\/\",\"url\":\"https:\/\/grupoestrutural.com.br\/basalto\/\",\"name\":\"Conhe\u00e7a a pedreira Basalto \u2013 Grupo Estrutural\",\"isPartOf\":{\"@id\":\"https:\/\/grupoestrutural.com.br\/basalto\/#website\"},\"datePublished\":\"2017-07-30T01:03:19+00:00\",\"dateModified\":\"2024-08-08T19:23:17+00:00\",\"description\":\"Especialista em minera\u00e7\u00e3o de britas e pavimenta\u00e7\u00e3o, a Basalto \u00e9 parte do Grupo Estrutural, destacando-se entre as pedreiras de S\u00e3o Paulo e do Brasil.\",\"inLanguage\":\"pt-BR\",\"potentialAction\":[{\"@type\":\"ReadAction\",\"target\":[\"https:\/\/grupoestrutural.com.br\/basalto\/\"]}]},{\"@type\":\"WebSite\",\"@id\":\"https:\/\/grupoestrutural.com.br\/basalto\/#website\",\"url\":\"https:\/\/grupoestrutural.com.br\/basalto\/\",\"name\":\"Pedreiras Basalto\",\"description\":\"\",\"potentialAction\":[{\"@type\":\"SearchAction\",\"target\":{\"@type\":\"EntryPoint\",\"urlTemplate\":\"https:\/\/grupoestrutural.com.br\/basalto\/?s={search_term_string}\"},\"query-input\":\"required name=search_term_string\"}],\"inLanguage\":\"pt-BR\"}]}<\/script>\n<!-- \/ Yoast SEO plugin. -->","yoast_head_json":{"title":"Conhe\u00e7a a pedreira Basalto \u2013 Grupo Estrutural","description":"Especialista em minera\u00e7\u00e3o de britas e pavimenta\u00e7\u00e3o, a Basalto \u00e9 parte do Grupo Estrutural, destacando-se entre as pedreiras de S\u00e3o Paulo e do Brasil.","robots":{"index":"index","follow":"follow","max-snippet":"max-snippet:-1","max-image-preview":"max-image-preview:large","max-video-preview":"max-video-preview:-1"},"canonical":"https:\/\/grupoestrutural.com.br\/basalto\/","og_locale":"pt_BR","og_type":"article","og_title":"Conhe\u00e7a a pedreira Basalto \u2013 Grupo Estrutural","og_description":"Especialista em minera\u00e7\u00e3o de britas e pavimenta\u00e7\u00e3o, a Basalto \u00e9 parte do Grupo Estrutural, destacando-se entre as pedreiras de S\u00e3o Paulo e do Brasil.","og_url":"https:\/\/grupoestrutural.com.br\/basalto\/","og_site_name":"Pedreiras Basalto","article_modified_time":"2024-08-08T19:23:17+00:00","twitter_card":"summary_large_image","twitter_misc":{"Est. tempo de leitura":"1 minuto"},"schema":{"@context":"https:\/\/schema.org","@graph":[{"@type":"WebPage","@id":"https:\/\/grupoestrutural.com.br\/basalto\/","url":"https:\/\/grupoestrutural.com.br\/basalto\/","name":"Conhe\u00e7a a pedreira Basalto \u2013 Grupo Estrutural","isPartOf":{"@id":"https:\/\/grupoestrutural.com.br\/basalto\/#website"},"datePublished":"2017-07-30T01:03:19+00:00","dateModified":"2024-08-08T19:23:17+00:00","description":"Especialista em minera\u00e7\u00e3o de britas e pavimenta\u00e7\u00e3o, a Basalto \u00e9 parte do Grupo Estrutural, destacando-se entre as pedreiras de S\u00e3o Paulo e do Brasil.","inLanguage":"pt-BR","potentialAction":[{"@type":"ReadAction","target":["https:\/\/grupoestrutural.com.br\/basalto\/"]}]},{"@type":"WebSite","@id":"https:\/\/grupoestrutural.com.br\/basalto\/#website","url":"https:\/\/grupoestrutural.com.br\/basalto\/","name":"Pedreiras Basalto","description":"","potentialAction":[{"@type":"SearchAction","target":{"@type":"EntryPoint","urlTemplate":"https:\/\/grupoestrutural.com.br\/basalto\/?s={search_term_string}"},"query-input":"required name=search_term_string"}],"inLanguage":"pt-BR"}]}},"_links":{"self":[{"href":"https:\/\/grupoestrutural.com.br\/basalto\/wp-json\/wp\/v2\/pages\/4"}],"collection":[{"href":"https:\/\/grupoestrutural.com.br\/basalto\/wp-json\/wp\/v2\/pages"}],"about":[{"href":"https:\/\/grupoestrutural.com.br\/basalto\/wp-json\/wp\/v2\/types\/page"}],"author":[{"embeddable":true,"href":"https:\/\/grupoestrutural.com.br\/basalto\/wp-json\/wp\/v2\/users\/1"}],"replies":[{"embeddable":true,"href":"https:\/\/grupoestrutural.com.br\/basalto\/wp-json\/wp\/v2\/comments?post=4"}],"version-history":[{"count":27,"href":"https:\/\/grupoestrutural.com.br\/basalto\/wp-json\/wp\/v2\/pages\/4\/revisions"}],"predecessor-version":[{"id":770,"href":"https:\/\/grupoestrutural.com.br\/basalto\/wp-json\/wp\/v2\/pages\/4\/revisions\/770"}],"wp:attachment":[{"href":"https:\/\/grupoestrutural.com.br\/basalto\/wp-json\/wp\/v2\/media?parent=4"}],"curies":[{"name":"wp","href":"https:\/\/api.w.org\/{rel}","templated":true}]}}