{"id":7,"date":"2017-07-30T20:58:37","date_gmt":"2017-07-30T20:58:37","guid":{"rendered":"https:\/\/grupoestrutural.com.br\/selecta\/?page_id=7"},"modified":"2024-05-29T14:59:14","modified_gmt":"2024-05-29T14:59:14","slug":"estrutural-concessoes-2","status":"publish","type":"page","link":"https:\/\/grupoestrutural.com.br\/concessoes\/","title":{"rendered":"Sobre"},"content":{"rendered":"<p>A Estrutural Concess\u00f5es Ltda \u00e9 uma empresa criada em Julho de 2014 para atuar na \u00e1rea de concess\u00f5es p\u00fablicas de infraestrutura, mobilidade, opera\u00e7\u00e3o de ativos e tecnologia.<\/p>\n<p>Em 14\/12\/2015 iniciou sua opera\u00e7\u00e3o na concess\u00e3o da Rodovia Federal BR-050 entre as cidades de Delta-MG e Cristalina-GO com 436,60 quilomentros atrav\u00e9s da Concession\u00e1ria Minas Goi\u00e1s S.A. (MGO).<\/p>\n<p>Ampliando seu portf\u00f3lio de concess\u00f5es em 10\/04\/2017 sagrou-se vencedora do 1\u00ba lote de aeroportos regionais do estado de S\u00e3o Paulo, compreendendo os seguintes ativos aeroportu\u00e1rios:<\/p>\n<p>\u00b7 Bragan\u00e7a Paulista \u2013 Aeroporto Estadual Arthur Siqueira<br \/>\n\u00b7 Campinas &#8211; Aeroporto Estadual de Campos dos Amarais<br \/>\n\u00b7 Itanha\u00e9m &#8211; Aeroporto Estadual Dr. Ant\u00f4nio Ribeiro Nogueira<br \/>\n\u00b7 Jundia\u00ed &#8211; Aeroporto Estadual Comandante Rolim Adolfo Amaro<br \/>\n\u00b7 Ubatuba &#8211; Aeroporto Gast\u00e3o Madeira<\/p>\n<p>Continuando nossa opera\u00e7\u00e3o em 19\/11\/2021, vencemos o 2\u00ba lote de Aeroportos regionais, com os seguintes ativos:<\/p>\n<p>\u00b7 Araraquara \u2013 Aeroporto Estadual Bartholomeu de Gusm\u00e3o<br \/>\n\u00b7 Avar\u00e9 &#8211; Aeroporto Regional Comandante Luiz Gonzaga Lutti<br \/>\n\u00b7 Bauru &#8211; Aeroporto Estadual Moussa Nakhl Tobias<br \/>\n\u00b7 Franca &#8211; Aeroporto Estadual Ten. Lund Presotto<br \/>\n\u00b7 Guaratinguet\u00e1 &#8211; Aeroporto Edu Chaves<br \/>\n\u00b7 Mar\u00edlia &#8211; Aeroporto Estadual Frank Miloye Milenkovich<br \/>\n\u00b7 Registro &#8211; Aeroporto Estadual Alberto Bertelli<br \/>\n\u00b7 Ribeir\u00e3o Preto &#8211; Aeroporto Estadual Doutor Leite Lopes<br \/>\n\u00b7 S\u00e3o Carlos &#8211; Aeroporto Estadual M\u00e1rio Pereira Lopes<br \/>\n\u00b7 S\u00e3o Manuel &#8211; Aeroporto Estadual Nelson Gar\u00f3falo<br \/>\n\u00b7 Sorocaba &#8211; Aeroporto Estadual Bertram Luiz Leupolz<\/p>\n<p>Hoje a Rede VOA (uni\u00e3o de todos os aeroportos regionais) administra 16 aeroportos com atua\u00e7\u00e3o em avia\u00e7\u00e3o executiva, comercial.<\/p>\n<p>Por nossos aeroportos passam 826.000 passageiros por ano e chegaremos a 1 milh\u00e3o de passageiros at\u00e9 2026. Nossos investimentos para aumento de capacidade dos nossos aeroportos \u00e9 da ordem de R$ 76,6 milh\u00f5es nos pr\u00f3ximos 4 anos.<\/p>\n<p>Estamos ampliando nos neg\u00f3cios e sempre estamos pronto para novas oportunidades.<\/p>\n","protected":false},"excerpt":{"rendered":"<p>A Estrutural Concess\u00f5es Ltda \u00e9 uma empresa criada em Julho de 2014 para atuar na \u00e1rea de concess\u00f5es p\u00fablicas de infraestrutura, mobilidade, opera\u00e7\u00e3o de ativos e tecnologia. Em 14\/12\/2015 iniciou sua opera\u00e7\u00e3o na concess\u00e3o da Rodovia Federal BR-050 entre as cidades de Delta-MG e Cristalina-GO com 436,60 quilomentros atrav\u00e9s da Concession\u00e1ria Minas Goi\u00e1s S.A. (MGO). [&hellip;]<\/p>\n","protected":false},"author":1,"featured_media":0,"parent":0,"menu_order":0,"comment_status":"closed","ping_status":"closed","template":"template-parts\/template-landing.php","meta":[],"yoast_head":"<!-- This site is optimized with the Yoast SEO plugin v20.6 - https:\/\/yoast.com\/wordpress\/plugins\/seo\/ -->\n<title>Obras em rodovias e aeroportos | Estrutural Concess\u00f5es \u2013 Grupo Estrutural<\/title>\n<meta name=\"description\" content=\"Obras em rodovias, constru\u00e7\u00e3o de rodovias, recapeamento asf\u00e1ltico, obras de terraplanagem. Conhe\u00e7a mais aqui sobre o trabalho da Estrutural Concess\u00f5es.\" \/>\n<meta name=\"robots\" content=\"index, follow, max-snippet:-1, max-image-preview:large, max-video-preview:-1\" \/>\n<link rel=\"canonical\" href=\"https:\/\/grupoestrutural.com.br\/concessoes\/\" \/>\n<meta property=\"og:locale\" content=\"en_US\" \/>\n<meta property=\"og:type\" content=\"article\" \/>\n<meta property=\"og:title\" content=\"Obras em rodovias e aeroportos | Estrutural Concess\u00f5es \u2013 Grupo Estrutural\" \/>\n<meta property=\"og:description\" content=\"Obras em rodovias, constru\u00e7\u00e3o de rodovias, recapeamento asf\u00e1ltico, obras de terraplanagem. Conhe\u00e7a mais aqui sobre o trabalho da Estrutural Concess\u00f5es.\" \/>\n<meta property=\"og:url\" content=\"https:\/\/grupoestrutural.com.br\/concessoes\/\" \/>\n<meta property=\"og:site_name\" content=\"Estrutural Concess\u00f5es\" \/>\n<meta property=\"article:modified_time\" content=\"2024-05-29T14:59:14+00:00\" \/>\n<meta name=\"twitter:card\" content=\"summary_large_image\" \/>\n<meta name=\"twitter:label1\" content=\"Est. reading time\" \/>\n\t<meta name=\"twitter:data1\" content=\"2 minutes\" \/>\n<script type=\"application\/ld+json\" class=\"yoast-schema-graph\">{\"@context\":\"https:\/\/schema.org\",\"@graph\":[{\"@type\":\"WebPage\",\"@id\":\"https:\/\/grupoestrutural.com.br\/concessoes\/\",\"url\":\"https:\/\/grupoestrutural.com.br\/concessoes\/\",\"name\":\"Obras em rodovias e aeroportos | Estrutural Concess\u00f5es \u2013 Grupo Estrutural\",\"isPartOf\":{\"@id\":\"https:\/\/grupoestrutural.com.br\/concessoes\/#website\"},\"datePublished\":\"2017-07-30T20:58:37+00:00\",\"dateModified\":\"2024-05-29T14:59:14+00:00\",\"description\":\"Obras em rodovias, constru\u00e7\u00e3o de rodovias, recapeamento asf\u00e1ltico, obras de terraplanagem. Conhe\u00e7a mais aqui sobre o trabalho da Estrutural Concess\u00f5es.\",\"inLanguage\":\"en-US\",\"potentialAction\":[{\"@type\":\"ReadAction\",\"target\":[\"https:\/\/grupoestrutural.com.br\/concessoes\/\"]}]},{\"@type\":\"WebSite\",\"@id\":\"https:\/\/grupoestrutural.com.br\/concessoes\/#website\",\"url\":\"https:\/\/grupoestrutural.com.br\/concessoes\/\",\"name\":\"Estrutural Concess\u00f5es\",\"description\":\"\",\"potentialAction\":[{\"@type\":\"SearchAction\",\"target\":{\"@type\":\"EntryPoint\",\"urlTemplate\":\"https:\/\/grupoestrutural.com.br\/concessoes\/?s={search_term_string}\"},\"query-input\":\"required name=search_term_string\"}],\"inLanguage\":\"en-US\"}]}<\/script>\n<!-- \/ Yoast SEO plugin. -->","yoast_head_json":{"title":"Obras em rodovias e aeroportos | Estrutural Concess\u00f5es \u2013 Grupo Estrutural","description":"Obras em rodovias, constru\u00e7\u00e3o de rodovias, recapeamento asf\u00e1ltico, obras de terraplanagem. Conhe\u00e7a mais aqui sobre o trabalho da Estrutural Concess\u00f5es.","robots":{"index":"index","follow":"follow","max-snippet":"max-snippet:-1","max-image-preview":"max-image-preview:large","max-video-preview":"max-video-preview:-1"},"canonical":"https:\/\/grupoestrutural.com.br\/concessoes\/","og_locale":"en_US","og_type":"article","og_title":"Obras em rodovias e aeroportos | Estrutural Concess\u00f5es \u2013 Grupo Estrutural","og_description":"Obras em rodovias, constru\u00e7\u00e3o de rodovias, recapeamento asf\u00e1ltico, obras de terraplanagem. Conhe\u00e7a mais aqui sobre o trabalho da Estrutural Concess\u00f5es.","og_url":"https:\/\/grupoestrutural.com.br\/concessoes\/","og_site_name":"Estrutural Concess\u00f5es","article_modified_time":"2024-05-29T14:59:14+00:00","twitter_card":"summary_large_image","twitter_misc":{"Est. reading time":"2 minutes"},"schema":{"@context":"https:\/\/schema.org","@graph":[{"@type":"WebPage","@id":"https:\/\/grupoestrutural.com.br\/concessoes\/","url":"https:\/\/grupoestrutural.com.br\/concessoes\/","name":"Obras em rodovias e aeroportos | Estrutural Concess\u00f5es \u2013 Grupo Estrutural","isPartOf":{"@id":"https:\/\/grupoestrutural.com.br\/concessoes\/#website"},"datePublished":"2017-07-30T20:58:37+00:00","dateModified":"2024-05-29T14:59:14+00:00","description":"Obras em rodovias, constru\u00e7\u00e3o de rodovias, recapeamento asf\u00e1ltico, obras de terraplanagem. Conhe\u00e7a mais aqui sobre o trabalho da Estrutural Concess\u00f5es.","inLanguage":"en-US","potentialAction":[{"@type":"ReadAction","target":["https:\/\/grupoestrutural.com.br\/concessoes\/"]}]},{"@type":"WebSite","@id":"https:\/\/grupoestrutural.com.br\/concessoes\/#website","url":"https:\/\/grupoestrutural.com.br\/concessoes\/","name":"Estrutural Concess\u00f5es","description":"","potentialAction":[{"@type":"SearchAction","target":{"@type":"EntryPoint","urlTemplate":"https:\/\/grupoestrutural.com.br\/concessoes\/?s={search_term_string}"},"query-input":"required name=search_term_string"}],"inLanguage":"en-US"}]}},"_links":{"self":[{"href":"https:\/\/grupoestrutural.com.br\/concessoes\/wp-json\/wp\/v2\/pages\/7"}],"collection":[{"href":"https:\/\/grupoestrutural.com.br\/concessoes\/wp-json\/wp\/v2\/pages"}],"about":[{"href":"https:\/\/grupoestrutural.com.br\/concessoes\/wp-json\/wp\/v2\/types\/page"}],"author":[{"embeddable":true,"href":"https:\/\/grupoestrutural.com.br\/concessoes\/wp-json\/wp\/v2\/users\/1"}],"replies":[{"embeddable":true,"href":"https:\/\/grupoestrutural.com.br\/concessoes\/wp-json\/wp\/v2\/comments?post=7"}],"version-history":[{"count":8,"href":"https:\/\/grupoestrutural.com.br\/concessoes\/wp-json\/wp\/v2\/pages\/7\/revisions"}],"predecessor-version":[{"id":496,"href":"https:\/\/grupoestrutural.com.br\/concessoes\/wp-json\/wp\/v2\/pages\/7\/revisions\/496"}],"wp:attachment":[{"href":"https:\/\/grupoestrutural.com.br\/concessoes\/wp-json\/wp\/v2\/media?parent=7"}],"curies":[{"name":"wp","href":"https:\/\/api.w.org\/{rel}","templated":true}]}}