{"id":10,"date":"2017-07-30T19:50:35","date_gmt":"2017-07-30T19:50:35","guid":{"rendered":"https:\/\/grupoestrutural.com.br\/construtora\/?page_id=10"},"modified":"2024-08-08T19:15:06","modified_gmt":"2024-08-08T19:15:06","slug":"estrutural-construtora-3","status":"publish","type":"page","link":"https:\/\/grupoestrutural.com.br\/desenvolvimentoimobiliario\/","title":{"rendered":"Sobre"},"content":{"rendered":"\n<p>N\u00f3s da Estrutural Desenvolvimento Imobiliario, transformarmos uma \u00e1rea bruta em loteamento urbanizado e isso representa uma grande responsabilidade social.<\/p>\n\n\n\n<p>Com profissionalismo e dedica\u00e7\u00e3o realizamos as atividades de estudo de viabilidade jur\u00eddica, financeira e ambiental bem como a elabora\u00e7\u00e3o de projetos, aprova\u00e7\u00e3o junto aos \u00f3rg\u00e3o p\u00fablicos e implanta\u00e7\u00e3o das obras de infraestrutura s\u00e3o fatores preponderantes para o sucesso de um empreendimento e representam a filosofia de trabalho de uma marca com vis\u00e3o de futuro.<\/p>\n\n\n\n<h3 class=\"titulo-empreendimento\"><strong>NOSSOS N\u00daMEROS<\/strong><\/h3>\n\n\n\n<p><\/p>\n\n\n\n<figure class=\"wp-container-2 wp-block-gallery-1 wp-block-gallery has-nested-images columns-default is-cropped\">\n<figure class=\"wp-block-image size-large img-empreendimentos\" id=\"loteamento\"><img loading=\"lazy\" width=\"1024\" height=\"102\" data-id=\"616\"  src=\"https:\/\/grupoestrutural.com.br\/desenvolvimentoimobiliario\/wp-content\/uploads\/2024\/08\/site-estrutural-1024x102.png\" alt=\"\" class=\"wp-image-616\" srcset=\"https:\/\/grupoestrutural.com.br\/desenvolvimentoimobiliario\/wp-content\/uploads\/2024\/08\/site-estrutural-1024x102.png 1024w, https:\/\/grupoestrutural.com.br\/desenvolvimentoimobiliario\/wp-content\/uploads\/2024\/08\/site-estrutural-300x30.png 300w, https:\/\/grupoestrutural.com.br\/desenvolvimentoimobiliario\/wp-content\/uploads\/2024\/08\/site-estrutural-768x77.png 768w, https:\/\/grupoestrutural.com.br\/desenvolvimentoimobiliario\/wp-content\/uploads\/2024\/08\/site-estrutural-1536x153.png 1536w, https:\/\/grupoestrutural.com.br\/desenvolvimentoimobiliario\/wp-content\/uploads\/2024\/08\/site-estrutural-2048x204.png 2048w, https:\/\/grupoestrutural.com.br\/desenvolvimentoimobiliario\/wp-content\/uploads\/2024\/08\/site-estrutural-1920x191.png 1920w\" sizes=\"(max-width: 1024px) 100vw, 1024px\" \/><\/figure>\n<\/figure>\n\n\n\n<h4 class=\"titulo-lotes\"><strong>\u00daltimos Loteamentos <\/strong><br><img loading=\"lazy\" width=\"25\" height=\"25\" class=\"wp-image-605\" style=\"width: 25px;\" src=\"https:\/\/grupoestrutural.com.br\/desenvolvimentoimobiliario\/wp-content\/uploads\/2024\/08\/seta-.jpg\" alt=\"\"> <a href=\"https:\/\/villacapotuna.com.br\/\" target=\"_blank\" rel=\"noreferrer noopener\">Villa Capotuna<\/a><br><\/h4>\n\n\n\n<p><\/p>\n","protected":false},"excerpt":{"rendered":"<p>N\u00f3s da Estrutural Desenvolvimento Imobiliario, transformarmos uma \u00e1rea bruta em loteamento urbanizado e isso representa uma grande responsabilidade social. Com profissionalismo e dedica\u00e7\u00e3o realizamos as atividades de estudo de viabilidade jur\u00eddica, financeira e ambiental bem como a elabora\u00e7\u00e3o de projetos, aprova\u00e7\u00e3o junto aos \u00f3rg\u00e3o p\u00fablicos e implanta\u00e7\u00e3o das obras de infraestrutura s\u00e3o fatores preponderantes para [&hellip;]<\/p>\n","protected":false},"author":1,"featured_media":0,"parent":0,"menu_order":0,"comment_status":"closed","ping_status":"closed","template":"template-parts\/template-landing.php","meta":[],"yoast_head":"<!-- This site is optimized with the Yoast SEO plugin v20.6 - https:\/\/yoast.com\/wordpress\/plugins\/seo\/ -->\n<title>Sobre - Estrutural Empreendimentos<\/title>\n<meta name=\"robots\" content=\"index, follow, max-snippet:-1, max-image-preview:large, max-video-preview:-1\" \/>\n<link rel=\"canonical\" href=\"https:\/\/grupoestrutural.com.br\/desenvolvimentoimobiliario\/\" \/>\n<meta property=\"og:locale\" content=\"en_US\" \/>\n<meta property=\"og:type\" content=\"article\" \/>\n<meta property=\"og:title\" content=\"Sobre - Estrutural Empreendimentos\" \/>\n<meta property=\"og:description\" content=\"N\u00f3s da Estrutural Desenvolvimento Imobiliario, transformarmos uma \u00e1rea bruta em loteamento urbanizado e isso representa uma grande responsabilidade social. Com profissionalismo e dedica\u00e7\u00e3o realizamos as atividades de estudo de viabilidade jur\u00eddica, financeira e ambiental bem como a elabora\u00e7\u00e3o de projetos, aprova\u00e7\u00e3o junto aos \u00f3rg\u00e3o p\u00fablicos e implanta\u00e7\u00e3o das obras de infraestrutura s\u00e3o fatores preponderantes para [&hellip;]\" \/>\n<meta property=\"og:url\" content=\"https:\/\/grupoestrutural.com.br\/desenvolvimentoimobiliario\/\" \/>\n<meta property=\"og:site_name\" content=\"Estrutural Empreendimentos\" \/>\n<meta property=\"article:modified_time\" content=\"2024-08-08T19:15:06+00:00\" \/>\n<meta property=\"og:image\" content=\"https:\/\/grupoestrutural.com.br\/desenvolvimentoimobiliario\/wp-content\/uploads\/2024\/08\/site-estrutural-1024x102.png\" \/>\n<meta name=\"twitter:card\" content=\"summary_large_image\" \/>\n<meta name=\"twitter:label1\" content=\"Est. reading time\" \/>\n\t<meta name=\"twitter:data1\" content=\"1 minute\" \/>\n<script type=\"application\/ld+json\" class=\"yoast-schema-graph\">{\"@context\":\"https:\/\/schema.org\",\"@graph\":[{\"@type\":\"WebPage\",\"@id\":\"https:\/\/grupoestrutural.com.br\/desenvolvimentoimobiliario\/\",\"url\":\"https:\/\/grupoestrutural.com.br\/desenvolvimentoimobiliario\/\",\"name\":\"Sobre - Estrutural Empreendimentos\",\"isPartOf\":{\"@id\":\"https:\/\/grupoestrutural.com.br\/desenvolvimentoimobiliario\/#website\"},\"datePublished\":\"2017-07-30T19:50:35+00:00\",\"dateModified\":\"2024-08-08T19:15:06+00:00\",\"inLanguage\":\"en-US\",\"potentialAction\":[{\"@type\":\"ReadAction\",\"target\":[\"https:\/\/grupoestrutural.com.br\/desenvolvimentoimobiliario\/\"]}]},{\"@type\":\"WebSite\",\"@id\":\"https:\/\/grupoestrutural.com.br\/desenvolvimentoimobiliario\/#website\",\"url\":\"https:\/\/grupoestrutural.com.br\/desenvolvimentoimobiliario\/\",\"name\":\"Estrutural Empreendimentos\",\"description\":\"\",\"potentialAction\":[{\"@type\":\"SearchAction\",\"target\":{\"@type\":\"EntryPoint\",\"urlTemplate\":\"https:\/\/grupoestrutural.com.br\/desenvolvimentoimobiliario\/?s={search_term_string}\"},\"query-input\":\"required name=search_term_string\"}],\"inLanguage\":\"en-US\"}]}<\/script>\n<!-- \/ Yoast SEO plugin. -->","yoast_head_json":{"title":"Sobre - Estrutural Empreendimentos","robots":{"index":"index","follow":"follow","max-snippet":"max-snippet:-1","max-image-preview":"max-image-preview:large","max-video-preview":"max-video-preview:-1"},"canonical":"https:\/\/grupoestrutural.com.br\/desenvolvimentoimobiliario\/","og_locale":"en_US","og_type":"article","og_title":"Sobre - Estrutural Empreendimentos","og_description":"N\u00f3s da Estrutural Desenvolvimento Imobiliario, transformarmos uma \u00e1rea bruta em loteamento urbanizado e isso representa uma grande responsabilidade social. Com profissionalismo e dedica\u00e7\u00e3o realizamos as atividades de estudo de viabilidade jur\u00eddica, financeira e ambiental bem como a elabora\u00e7\u00e3o de projetos, aprova\u00e7\u00e3o junto aos \u00f3rg\u00e3o p\u00fablicos e implanta\u00e7\u00e3o das obras de infraestrutura s\u00e3o fatores preponderantes para [&hellip;]","og_url":"https:\/\/grupoestrutural.com.br\/desenvolvimentoimobiliario\/","og_site_name":"Estrutural Empreendimentos","article_modified_time":"2024-08-08T19:15:06+00:00","og_image":[{"url":"https:\/\/grupoestrutural.com.br\/desenvolvimentoimobiliario\/wp-content\/uploads\/2024\/08\/site-estrutural-1024x102.png"}],"twitter_card":"summary_large_image","twitter_misc":{"Est. reading time":"1 minute"},"schema":{"@context":"https:\/\/schema.org","@graph":[{"@type":"WebPage","@id":"https:\/\/grupoestrutural.com.br\/desenvolvimentoimobiliario\/","url":"https:\/\/grupoestrutural.com.br\/desenvolvimentoimobiliario\/","name":"Sobre - Estrutural Empreendimentos","isPartOf":{"@id":"https:\/\/grupoestrutural.com.br\/desenvolvimentoimobiliario\/#website"},"datePublished":"2017-07-30T19:50:35+00:00","dateModified":"2024-08-08T19:15:06+00:00","inLanguage":"en-US","potentialAction":[{"@type":"ReadAction","target":["https:\/\/grupoestrutural.com.br\/desenvolvimentoimobiliario\/"]}]},{"@type":"WebSite","@id":"https:\/\/grupoestrutural.com.br\/desenvolvimentoimobiliario\/#website","url":"https:\/\/grupoestrutural.com.br\/desenvolvimentoimobiliario\/","name":"Estrutural Empreendimentos","description":"","potentialAction":[{"@type":"SearchAction","target":{"@type":"EntryPoint","urlTemplate":"https:\/\/grupoestrutural.com.br\/desenvolvimentoimobiliario\/?s={search_term_string}"},"query-input":"required name=search_term_string"}],"inLanguage":"en-US"}]}},"_links":{"self":[{"href":"https:\/\/grupoestrutural.com.br\/desenvolvimentoimobiliario\/wp-json\/wp\/v2\/pages\/10"}],"collection":[{"href":"https:\/\/grupoestrutural.com.br\/desenvolvimentoimobiliario\/wp-json\/wp\/v2\/pages"}],"about":[{"href":"https:\/\/grupoestrutural.com.br\/desenvolvimentoimobiliario\/wp-json\/wp\/v2\/types\/page"}],"author":[{"embeddable":true,"href":"https:\/\/grupoestrutural.com.br\/desenvolvimentoimobiliario\/wp-json\/wp\/v2\/users\/1"}],"replies":[{"embeddable":true,"href":"https:\/\/grupoestrutural.com.br\/desenvolvimentoimobiliario\/wp-json\/wp\/v2\/comments?post=10"}],"version-history":[{"count":43,"href":"https:\/\/grupoestrutural.com.br\/desenvolvimentoimobiliario\/wp-json\/wp\/v2\/pages\/10\/revisions"}],"predecessor-version":[{"id":617,"href":"https:\/\/grupoestrutural.com.br\/desenvolvimentoimobiliario\/wp-json\/wp\/v2\/pages\/10\/revisions\/617"}],"wp:attachment":[{"href":"https:\/\/grupoestrutural.com.br\/desenvolvimentoimobiliario\/wp-json\/wp\/v2\/media?parent=10"}],"curies":[{"name":"wp","href":"https:\/\/api.w.org\/{rel}","templated":true}]}}